{"id":89,"date":"2020-10-16T15:30:23","date_gmt":"2020-10-16T13:30:23","guid":{"rendered":"http:\/\/fos31.fr\/?page_id=89"},"modified":"2020-10-16T15:55:02","modified_gmt":"2020-10-16T13:55:02","slug":"urgences","status":"publish","type":"page","link":"https:\/\/fos31.fr\/index.php\/urgences\/","title":{"rendered":"URGENCES"},"content":{"rendered":"\n<h2>3966 Allo Docteur<\/h2>\n\n\n\n<p>Service m\u00e9dical aux patients en Midi-Pyr\u00e9n\u00e9es.<br>Ce num\u00e9ro vous permet de contacter un m\u00e9decin de garde la nuit, le week-end et les jours f\u00e9ri\u00e9s partout en Midi-Pyr\u00e9n\u00e9es. Ce dispositif est compl\u00e9mentaire du 15, num\u00e9ro d&rsquo;appel d\u00e9di\u00e9 aux urgences vitales.<\/p>\n\n\n\n<h2>15 &#8211; SAMU<\/h2>\n\n\n\n<p>Service d&rsquo;Aide M\u00e9dicale d&rsquo;Urgence. Service destin\u00e9 aux urgences VITALES<\/p>\n\n\n\n<h2>17 &#8211; GENDARMERIE<\/h2>\n\n\n\n<h2>18 &#8211; POMPIERS<\/h2>\n\n\n\n<h2>112 &#8211; APPEL d&rsquo;URGENCE EUROPEEN<\/h2>\n\n\n\n<h2>CENTRE ANTI-POISON DE TOULOUSE<\/h2>\n\n\n\n<p>05-61-77-74-47 \/ 05-61-77-25-72<\/p>\n\n\n\n<h2><strong>Ambulance &#8211; Taxi<\/strong><\/h2>\n\n\n\n<h3><strong>Danflous Mourtis<\/strong><\/h3>\n\n\n\n<p>Avenue G\u00e9n\u00e9ral Galli\u00e9ni 31440 Saint-B\u00e9at T\u00e9l : 05 61 79 49 12<\/p>\n","protected":false},"excerpt":{"rendered":"<p>3966 Allo Docteur Service m\u00e9dical aux patients en Midi-Pyr\u00e9n\u00e9es.Ce num\u00e9ro vous permet de contacter un m\u00e9decin de garde la nuit,<\/p>\n","protected":false},"author":1,"featured_media":0,"parent":0,"menu_order":0,"comment_status":"closed","ping_status":"closed","template":"","meta":[],"_links":{"self":[{"href":"https:\/\/fos31.fr\/index.php\/wp-json\/wp\/v2\/pages\/89"}],"collection":[{"href":"https:\/\/fos31.fr\/index.php\/wp-json\/wp\/v2\/pages"}],"about":[{"href":"https:\/\/fos31.fr\/index.php\/wp-json\/wp\/v2\/types\/page"}],"author":[{"embeddable":true,"href":"https:\/\/fos31.fr\/index.php\/wp-json\/wp\/v2\/users\/1"}],"replies":[{"embeddable":true,"href":"https:\/\/fos31.fr\/index.php\/wp-json\/wp\/v2\/comments?post=89"}],"version-history":[{"count":2,"href":"https:\/\/fos31.fr\/index.php\/wp-json\/wp\/v2\/pages\/89\/revisions"}],"predecessor-version":[{"id":101,"href":"https:\/\/fos31.fr\/index.php\/wp-json\/wp\/v2\/pages\/89\/revisions\/101"}],"wp:attachment":[{"href":"https:\/\/fos31.fr\/index.php\/wp-json\/wp\/v2\/media?parent=89"}],"curies":[{"name":"wp","href":"https:\/\/api.w.org\/{rel}","templated":true}]}}