{"id":331,"date":"2020-07-17T10:37:27","date_gmt":"2020-07-17T10:37:27","guid":{"rendered":"https:\/\/lapetitegazettedefos.fr\/?page_id=331"},"modified":"2020-07-17T10:37:27","modified_gmt":"2020-07-17T10:37:27","slug":"nos-producteurs","status":"publish","type":"page","link":"https:\/\/fos31.fr\/index.php\/fos-pratique\/nos-producteurs\/","title":{"rendered":"Nos producteurs"},"content":{"rendered":"\n<p><\/p>\n\n\n<p style=\"text-align: center;\"><strong><span style=\"font-size: 18pt; font-family: comic sans ms, sans-serif;\">La Montagne Magique &#8211; Labach de Melles<\/span><\/strong><\/p>\n<p style=\"text-align: center;\"><strong>Ferme de plantes m\u00e9dicinales et aromatiques et transformation artisanale &#8211; En vente aupr\u00e8s de Benoit Gr\u00e9vy au 07 81 45 71 17 <\/strong>ou aupr\u00e8s de l&rsquo;\u00e9picerie de Fos, Place du Sarramoulin<\/p>\n<p><\/p>\n\n\n<p><\/p>\n","protected":false},"excerpt":{"rendered":"<p>La Montagne Magique &#8211; Labach de Melles Ferme de plantes m\u00e9dicinales et aromatiques et transformation artisanale &#8211; En vente aupr\u00e8s<\/p>\n","protected":false},"author":1,"featured_media":0,"parent":279,"menu_order":0,"comment_status":"closed","ping_status":"closed","template":"","meta":[],"_links":{"self":[{"href":"https:\/\/fos31.fr\/index.php\/wp-json\/wp\/v2\/pages\/331"}],"collection":[{"href":"https:\/\/fos31.fr\/index.php\/wp-json\/wp\/v2\/pages"}],"about":[{"href":"https:\/\/fos31.fr\/index.php\/wp-json\/wp\/v2\/types\/page"}],"author":[{"embeddable":true,"href":"https:\/\/fos31.fr\/index.php\/wp-json\/wp\/v2\/users\/1"}],"replies":[{"embeddable":true,"href":"https:\/\/fos31.fr\/index.php\/wp-json\/wp\/v2\/comments?post=331"}],"version-history":[{"count":0,"href":"https:\/\/fos31.fr\/index.php\/wp-json\/wp\/v2\/pages\/331\/revisions"}],"up":[{"embeddable":true,"href":"https:\/\/fos31.fr\/index.php\/wp-json\/wp\/v2\/pages\/279"}],"wp:attachment":[{"href":"https:\/\/fos31.fr\/index.php\/wp-json\/wp\/v2\/media?parent=331"}],"curies":[{"name":"wp","href":"https:\/\/api.w.org\/{rel}","templated":true}]}}