{"id":326,"date":"2020-06-03T12:43:20","date_gmt":"2020-06-03T12:43:20","guid":{"rendered":"https:\/\/lapetitegazettedefos.fr\/?page_id=326"},"modified":"2025-04-03T17:04:35","modified_gmt":"2025-04-03T15:04:35","slug":"ou-dormir","status":"publish","type":"page","link":"https:\/\/fos31.fr\/index.php\/fos-pratique\/ou-dormir\/","title":{"rendered":"O\u00f9 dormir ?"},"content":{"rendered":"\n<h2 class=\"has-text-align-center\">La Gentilhommi\u00e8re<\/h2>\n\n\n<div class=\"wp-block-image\">\n<figure class=\"alignright size-large\"><img src=\"https:\/\/lapetitegazettedefos.fr\/wp-content\/uploads\/2020\/08\/Facade-Gentilhommiere-FOS-RN.jpg\" alt=\"La Gentilhommi\u00e8re\" class=\"wp-image-1193\"\/><figcaption>Hotel-Bar-Restaurant-Epicerie<\/figcaption><\/figure><\/div>\n\n\n<p class=\"has-text-align-center\">Av Jean Jaures \u00e0 Fos. (<em>\u00e0 cot\u00e9 de la mairie.<\/em>)<br>05.81.66.42.77<\/p>\n\n\n<div class=\"wp-block-image\">\n<figure class=\"aligncenter size-full\"><img loading=\"lazy\" width=\"450\" height=\"365\" src=\"https:\/\/fos31.fr\/wp-content\/uploads\/2022\/08\/facade-gentilhommiere.jpg\" alt=\"\" class=\"wp-image-1990\" srcset=\"https:\/\/fos31.fr\/wp-content\/uploads\/2022\/08\/facade-gentilhommiere.jpg 450w, https:\/\/fos31.fr\/wp-content\/uploads\/2022\/08\/facade-gentilhommiere-300x243.jpg 300w\" sizes=\"(max-width: 450px) 100vw, 450px\" \/><figcaption>Acc\u00e8s direct sur le site internet du g\u00eete de Fos, <a href=\"https:\/\/www.gentihommiere.fos31.fr\" target=\"_blank\" rel=\"noreferrer noopener\">ICI<\/a>.<\/figcaption><\/figure><\/div>\n\n\n<p><\/p>\n","protected":false},"excerpt":{"rendered":"<p>La Gentilhommi\u00e8re Av Jean Jaures \u00e0 Fos. (\u00e0 cot\u00e9 de la mairie.)05.81.66.42.77<\/p>\n","protected":false},"author":1,"featured_media":0,"parent":279,"menu_order":0,"comment_status":"closed","ping_status":"closed","template":"","meta":[],"_links":{"self":[{"href":"https:\/\/fos31.fr\/index.php\/wp-json\/wp\/v2\/pages\/326"}],"collection":[{"href":"https:\/\/fos31.fr\/index.php\/wp-json\/wp\/v2\/pages"}],"about":[{"href":"https:\/\/fos31.fr\/index.php\/wp-json\/wp\/v2\/types\/page"}],"author":[{"embeddable":true,"href":"https:\/\/fos31.fr\/index.php\/wp-json\/wp\/v2\/users\/1"}],"replies":[{"embeddable":true,"href":"https:\/\/fos31.fr\/index.php\/wp-json\/wp\/v2\/comments?post=326"}],"version-history":[{"count":5,"href":"https:\/\/fos31.fr\/index.php\/wp-json\/wp\/v2\/pages\/326\/revisions"}],"predecessor-version":[{"id":2231,"href":"https:\/\/fos31.fr\/index.php\/wp-json\/wp\/v2\/pages\/326\/revisions\/2231"}],"up":[{"embeddable":true,"href":"https:\/\/fos31.fr\/index.php\/wp-json\/wp\/v2\/pages\/279"}],"wp:attachment":[{"href":"https:\/\/fos31.fr\/index.php\/wp-json\/wp\/v2\/media?parent=326"}],"curies":[{"name":"wp","href":"https:\/\/api.w.org\/{rel}","templated":true}]}}