{"id":275,"date":"2020-06-02T21:04:56","date_gmt":"2020-06-02T21:04:56","guid":{"rendered":"https:\/\/lapetitegazettedefos.fr\/?page_id=275"},"modified":"2022-08-23T16:18:36","modified_gmt":"2022-08-23T14:18:36","slug":"ou-manger","status":"publish","type":"page","link":"https:\/\/fos31.fr\/index.php\/fos-pratique\/ou-manger\/","title":{"rendered":"O\u00f9 manger pas trop loin ?"},"content":{"rendered":"\n<h2 class=\"has-text-align-center\">La Gentilhommi\u00e8re<\/h2>\n\n\n\n<div class=\"wp-block-image\"><figure class=\"alignleft size-large\"><img src=\"https:\/\/lapetitegazettedefos.fr\/wp-content\/uploads\/2020\/08\/la_gentilhommiere-1024x578.jpg\" alt=\"\" class=\"wp-image-1196\"\/><\/figure><\/div>\n\n\n\n<div class=\"wp-block-image\"><figure class=\"alignright\"><img src=\"https:\/\/lapetitegazettedefos.fr\/wp-content\/uploads\/2020\/08\/Facade-Gentilhommiere-FOS-RN.jpg\" alt=\"La Gentilhommi\u00e8re\" class=\"wp-image-1193\"\/><figcaption>Hotel-Bar-Restaurant-Epicerie<\/figcaption><\/figure><\/div>\n\n\n\n<p class=\"has-text-align-center\">Av Jean Jaures \u00e0 Fos. (<em>\u00e0 gauche de la mairie.<\/em>)<br>09.75.32.34.66<\/p>\n","protected":false},"excerpt":{"rendered":"<p>La Gentilhommi\u00e8re Av Jean Jaures \u00e0 Fos. (\u00e0 gauche de la mairie.)09.75.32.34.66<\/p>\n","protected":false},"author":1,"featured_media":0,"parent":279,"menu_order":0,"comment_status":"closed","ping_status":"closed","template":"","meta":[],"_links":{"self":[{"href":"https:\/\/fos31.fr\/index.php\/wp-json\/wp\/v2\/pages\/275"}],"collection":[{"href":"https:\/\/fos31.fr\/index.php\/wp-json\/wp\/v2\/pages"}],"about":[{"href":"https:\/\/fos31.fr\/index.php\/wp-json\/wp\/v2\/types\/page"}],"author":[{"embeddable":true,"href":"https:\/\/fos31.fr\/index.php\/wp-json\/wp\/v2\/users\/1"}],"replies":[{"embeddable":true,"href":"https:\/\/fos31.fr\/index.php\/wp-json\/wp\/v2\/comments?post=275"}],"version-history":[{"count":2,"href":"https:\/\/fos31.fr\/index.php\/wp-json\/wp\/v2\/pages\/275\/revisions"}],"predecessor-version":[{"id":1999,"href":"https:\/\/fos31.fr\/index.php\/wp-json\/wp\/v2\/pages\/275\/revisions\/1999"}],"up":[{"embeddable":true,"href":"https:\/\/fos31.fr\/index.php\/wp-json\/wp\/v2\/pages\/279"}],"wp:attachment":[{"href":"https:\/\/fos31.fr\/index.php\/wp-json\/wp\/v2\/media?parent=275"}],"curies":[{"name":"wp","href":"https:\/\/api.w.org\/{rel}","templated":true}]}}