{"id":114,"date":"2020-10-18T18:41:35","date_gmt":"2020-10-18T16:41:35","guid":{"rendered":"http:\/\/fos31.fr\/?page_id=114"},"modified":"2020-10-18T18:41:35","modified_gmt":"2020-10-18T16:41:35","slug":"lagence-postal","status":"publish","type":"page","link":"https:\/\/fos31.fr\/index.php\/lagence-postal\/","title":{"rendered":"L&rsquo;AGENCE POSTAL"},"content":{"rendered":"\n<p class=\"has-text-align-center\">Situ\u00e9 au rez-de-chauss\u00e9e de la Mairie<\/p>\n\n\n\n<p class=\"has-text-align-center\"><strong>T\u00e9l : 05 61 79 17 38<\/strong><br>Horaires d&rsquo;ouverture :<br>Lundi, Mardi, Jeudi, Vendredi :<br>09h30 \u00e0 11h30<\/p>\n","protected":false},"excerpt":{"rendered":"<p>Situ\u00e9 au rez-de-chauss\u00e9e de la Mairie T\u00e9l : 05 61 79 17 38Horaires d&rsquo;ouverture :Lundi, Mardi, Jeudi, Vendredi :09h30 \u00e0<\/p>\n","protected":false},"author":1,"featured_media":0,"parent":0,"menu_order":0,"comment_status":"closed","ping_status":"closed","template":"","meta":[],"_links":{"self":[{"href":"https:\/\/fos31.fr\/index.php\/wp-json\/wp\/v2\/pages\/114"}],"collection":[{"href":"https:\/\/fos31.fr\/index.php\/wp-json\/wp\/v2\/pages"}],"about":[{"href":"https:\/\/fos31.fr\/index.php\/wp-json\/wp\/v2\/types\/page"}],"author":[{"embeddable":true,"href":"https:\/\/fos31.fr\/index.php\/wp-json\/wp\/v2\/users\/1"}],"replies":[{"embeddable":true,"href":"https:\/\/fos31.fr\/index.php\/wp-json\/wp\/v2\/comments?post=114"}],"version-history":[{"count":2,"href":"https:\/\/fos31.fr\/index.php\/wp-json\/wp\/v2\/pages\/114\/revisions"}],"predecessor-version":[{"id":1844,"href":"https:\/\/fos31.fr\/index.php\/wp-json\/wp\/v2\/pages\/114\/revisions\/1844"}],"wp:attachment":[{"href":"https:\/\/fos31.fr\/index.php\/wp-json\/wp\/v2\/media?parent=114"}],"curies":[{"name":"wp","href":"https:\/\/api.w.org\/{rel}","templated":true}]}}